{"id":731,"date":"2022-02-04T17:36:16","date_gmt":"2022-02-04T16:36:16","guid":{"rendered":"https:\/\/www.hotel-europe-meyrueis.com\/legal-notice\/"},"modified":"2022-07-05T10:18:00","modified_gmt":"2022-07-05T08:18:00","slug":"legal-notice","status":"publish","type":"page","link":"https:\/\/www.hotel-europe-meyrueis.com\/en\/legal-notice\/","title":{"rendered":"Legal Notice"},"content":{"rendered":"\t\t<div data-elementor-type=\"wp-page\" data-elementor-id=\"731\" class=\"elementor elementor-731 elementor-7\">\n\t\t\t\t\t\t\t\t\t<section class=\"elementor-section elementor-top-section elementor-element elementor-element-0f6c077 elementor-section-boxed elementor-section-height-default elementor-section-height-default\" data-id=\"0f6c077\" data-element_type=\"section\">\n\t\t\t\t\t\t<div class=\"elementor-container elementor-column-gap-default\">\n\t\t\t\t\t<div class=\"elementor-column elementor-col-100 elementor-top-column elementor-element elementor-element-00f8198\" data-id=\"00f8198\" data-element_type=\"column\">\n\t\t\t<div class=\"elementor-widget-wrap elementor-element-populated\">\n\t\t\t\t\t\t\t\t<div class=\"elementor-element elementor-element-2feddcb elementor-widget elementor-widget-text-editor\" data-id=\"2feddcb\" data-element_type=\"widget\" data-widget_type=\"text-editor.default\">\n\t\t\t\t<div class=\"elementor-widget-container\">\n\t\t\t<style>\/*! elementor - v3.6.7 - 03-07-2022 *\/\n.elementor-widget-text-editor.elementor-drop-cap-view-stacked .elementor-drop-cap{background-color:#818a91;color:#fff}.elementor-widget-text-editor.elementor-drop-cap-view-framed .elementor-drop-cap{color:#818a91;border:3px solid;background-color:transparent}.elementor-widget-text-editor:not(.elementor-drop-cap-view-default) .elementor-drop-cap{margin-top:8px}.elementor-widget-text-editor:not(.elementor-drop-cap-view-default) .elementor-drop-cap-letter{width:1em;height:1em}.elementor-widget-text-editor .elementor-drop-cap{float:left;text-align:center;line-height:1;font-size:50px}.elementor-widget-text-editor .elementor-drop-cap-letter{display:inline-block}<\/style>\t\t\t\t<h2>Editor<\/h2><p>This website is edited by:<\/p><p><strong>H\u00f4tel de l&#8217;Europe<\/strong><br>2 Quai Barri\u00e8re<br>48150 Meyrueis<\/p><p>Phone : 04 66 60 05  <\/p><p>Director of publication: Fr\u00e9d\u00e9ric Robert<\/p><h2>Website conception<\/h2><p>This site was created by the web agency BM Services whose head office is located at:<\/p><p>BM Services<br>La Bastide<br>48500 La Canourgue<\/p><p>Phone : +33 4 66 42 68 30<\/p><h2>Hosting<\/h2><p>The website is hosted by the BM Services agency (contact details above).<\/p>\t\t\t\t\t\t<\/div>\n\t\t\t\t<\/div>\n\t\t\t\t\t<\/div>\n\t\t<\/div>\n\t\t\t\t\t\t\t<\/div>\n\t\t<\/section>\n\t\t\t\t\t\t\t<\/div>\n\t\t","protected":false},"excerpt":{"rendered":"<p>Editor This website is edited by: H\u00f4tel de l&#8217;Europe2 Quai Barri\u00e8re48150 Meyrueis Phone : 04 66 60 05 Director of publication: Fr\u00e9d\u00e9ric Robert Website conception This site was created by the web agency BM Services whose head office is located at: BM ServicesLa Bastide48500 La Canourgue Phone : +33 4 66 42 68 30 Hosting [&hellip;]<\/p>\n","protected":false},"author":0,"featured_media":0,"parent":0,"menu_order":0,"comment_status":"closed","ping_status":"closed","template":"","meta":[],"_links":{"self":[{"href":"https:\/\/www.hotel-europe-meyrueis.com\/en\/wp-json\/wp\/v2\/pages\/731"}],"collection":[{"href":"https:\/\/www.hotel-europe-meyrueis.com\/en\/wp-json\/wp\/v2\/pages"}],"about":[{"href":"https:\/\/www.hotel-europe-meyrueis.com\/en\/wp-json\/wp\/v2\/types\/page"}],"replies":[{"embeddable":true,"href":"https:\/\/www.hotel-europe-meyrueis.com\/en\/wp-json\/wp\/v2\/comments?post=731"}],"version-history":[{"count":1,"href":"https:\/\/www.hotel-europe-meyrueis.com\/en\/wp-json\/wp\/v2\/pages\/731\/revisions"}],"predecessor-version":[{"id":732,"href":"https:\/\/www.hotel-europe-meyrueis.com\/en\/wp-json\/wp\/v2\/pages\/731\/revisions\/732"}],"wp:attachment":[{"href":"https:\/\/www.hotel-europe-meyrueis.com\/en\/wp-json\/wp\/v2\/media?parent=731"}],"curies":[{"name":"wp","href":"https:\/\/api.w.org\/{rel}","templated":true}]}}